{"id":1157,"date":"2020-12-08T07:12:44","date_gmt":"2020-12-08T07:12:44","guid":{"rendered":"http:\/\/www.bernabeabogados.com\/?page_id=1157"},"modified":"2023-03-16T17:29:40","modified_gmt":"2023-03-16T17:29:40","slug":"contacto-bernabe","status":"publish","type":"page","link":"https:\/\/www.bernabeabogados.com\/en\/contacto-bernabe\/","title":{"rendered":"Contacto"},"content":{"rendered":"\t\t<div data-elementor-type=\"wp-page\" data-elementor-id=\"1157\" class=\"elementor elementor-1157\">\n\t\t\t\t\t\t<section class=\"elementor-section elementor-top-section elementor-element elementor-element-12b738e elementor-section-boxed elementor-section-height-default elementor-section-height-default\" data-id=\"12b738e\" data-element_type=\"section\" data-settings=\"{&quot;background_background&quot;:&quot;classic&quot;}\">\n\t\t\t\t\t\t<div class=\"elementor-container elementor-column-gap-default\">\n\t\t\t\t\t<div class=\"elementor-column elementor-col-100 elementor-top-column elementor-element elementor-element-63f848e\" data-id=\"63f848e\" data-element_type=\"column\">\n\t\t\t<div class=\"elementor-widget-wrap elementor-element-populated\">\n\t\t\t\t\t\t<div class=\"elementor-element elementor-element-44a6e06 elementor-widget elementor-widget-google_maps\" data-id=\"44a6e06\" data-element_type=\"widget\" data-widget_type=\"google_maps.default\">\n\t\t\t\t<div class=\"elementor-widget-container\">\n\t\t\t\t\t<div class=\"elementor-custom-embed\">\n\t\t\t<iframe loading=\"lazy\"\n\t\t\t\t\tsrc=\"https:\/\/maps.google.com\/maps?q=Plaza%20Joaqu%C3%ADn%20Costa%2C9%2Cbajo.%20La%20Uni%C3%B3n.%20Murcia.&#038;t=m&#038;z=10&#038;output=embed&#038;iwloc=near\"\n\t\t\t\t\ttitle=\"Plaza Joaqu\u00edn Costa,9,bajo. La Uni\u00f3n. Murcia.\"\n\t\t\t\t\taria-label=\"Plaza Joaqu\u00edn Costa,9,bajo. La Uni\u00f3n. Murcia.\"\n\t\t\t><\/iframe>\n\t\t<\/div>\n\t\t\t\t<\/div>\n\t\t\t\t<\/div>\n\t\t\t\t\t<\/div>\n\t\t<\/div>\n\t\t\t\t\t<\/div>\n\t\t<\/section>\n\t\t\t\t<section class=\"elementor-section elementor-top-section elementor-element elementor-element-45bf0f9 contact-wrap-layout3 elementor-section-boxed elementor-section-height-default elementor-section-height-default\" data-id=\"45bf0f9\" data-element_type=\"section\" data-settings=\"{&quot;background_background&quot;:&quot;classic&quot;}\">\n\t\t\t\t\t\t<div class=\"elementor-container elementor-column-gap-default\">\n\t\t\t\t\t<div class=\"elementor-column elementor-col-100 elementor-top-column elementor-element elementor-element-0ead464\" data-id=\"0ead464\" data-element_type=\"column\">\n\t\t\t<div class=\"elementor-widget-wrap elementor-element-populated\">\n\t\t\t\t\t\t<section class=\"elementor-section elementor-inner-section elementor-element elementor-element-c496851 elementor-section-boxed elementor-section-height-default elementor-section-height-default\" data-id=\"c496851\" data-element_type=\"section\">\n\t\t\t\t\t\t<div class=\"elementor-container elementor-column-gap-default\">\n\t\t\t\t\t<div class=\"elementor-column elementor-col-50 elementor-inner-column elementor-element elementor-element-834de94 contact-box-layout3 style2\" data-id=\"834de94\" data-element_type=\"column\">\n\t\t\t<div class=\"elementor-widget-wrap elementor-element-populated\">\n\t\t\t\t\t\t<div class=\"elementor-element elementor-element-c4946e3 contact_heading elementor-widget elementor-widget-rt-section-heading\" data-id=\"c4946e3\" data-element_type=\"widget\" data-widget_type=\"rt-section-heading.default\">\n\t\t\t\t<div class=\"elementor-widget-container\">\n\t\t\t\n\n<div class=\"section-heading heading-dark margin-bottom\">\n\t\t<h2 class=\"heading-main-title\">Contacta con nosotros.<\/h2>\n\t\t<p><p>Para cualquier duda o consulta.<\/p><\/p>\n\t<\/div>\t\t<\/div>\n\t\t\t\t<\/div>\n\t\t\t\t<div class=\"elementor-element elementor-element-8e689ed elementor-widget elementor-widget-rt-contact-box\" data-id=\"8e689ed\" data-element_type=\"widget\" data-widget_type=\"rt-contact-box.default\">\n\t\t\t\t<div class=\"elementor-widget-container\">\n\t\t\t\n<ul class=\"address-items\">\n    <li>\n        <div class=\"media\">\n            <div class=\"item-icon\">\n                <i class=\"flaticon-phone\"><\/i>\n            <\/div>\n            <div class=\"media-body space-md\">\n                                <h3 class=\"item-title\">Tel\u00e9fono<\/h3>\n                                <p>968 54 13 60<\/p>\n                            <\/div>\n        <\/div>\n    <\/li>\n    <li>\n        <div class=\"media\">\n            <div class=\"item-icon\">\n                <i class=\"flaticon-mail\"><\/i>\n            <\/div>\n            <div class=\"media-body space-md\">\n                                <h3 class=\"item-title\">Correo<\/h3>\n                                <p>info@bernabeabogados.com<\/p>\n                            <\/div>\n        <\/div>\n    <\/li>\n    <li>\n        <div class=\"media\">\n            <div class=\"item-icon\">\n                <i class=\"flaticon-pin\"><\/i>\n            <\/div>\n            <div class=\"media-body space-md\">\n                                <h3 class=\"item-title\">Direcci\u00f3n<\/h3>\n                                <p><span>Plaza Joaqu\u00edn Costa,9,bajo. La Uni\u00f3n. Murcia.<\/span><\/p>\n                            <\/div>\n        <\/div>\n    <\/li>\n<\/ul>\t\t<\/div>\n\t\t\t\t<\/div>\n\t\t\t\t\t<\/div>\n\t\t<\/div>\n\t\t\t\t<div class=\"elementor-column elementor-col-50 elementor-inner-column elementor-element elementor-element-e25ba25 contact-box-layout3 mr-30\" data-id=\"e25ba25\" data-element_type=\"column\" data-settings=\"{&quot;background_background&quot;:&quot;classic&quot;}\">\n\t\t\t<div class=\"elementor-widget-wrap elementor-element-populated\">\n\t\t\t\t\t\t<div class=\"elementor-element elementor-element-92b573e contact_heading elementor-widget elementor-widget-rt-section-heading\" data-id=\"92b573e\" data-element_type=\"widget\" data-widget_type=\"rt-section-heading.default\">\n\t\t\t\t<div class=\"elementor-widget-container\">\n\t\t\t\n\n<div class=\"section-heading heading-dark margin-bottom\">\n\t\t<h2 class=\"heading-main-title\">Enviar mensaje<\/h2>\n\t\t<p><p>Env\u00edanos tu consulta y la atenderemos lo m\u00e1s pronto como sea posible.<\/p><\/p>\n\t<\/div>\t\t<\/div>\n\t\t\t\t<\/div>\n\t\t\t\t<div class=\"elementor-element elementor-element-f71e9a5 elementor-widget elementor-widget-shortcode\" data-id=\"f71e9a5\" data-element_type=\"widget\" data-widget_type=\"shortcode.default\">\n\t\t\t\t<div class=\"elementor-widget-container\">\n\t\t\t\t\t<div class=\"elementor-shortcode\">\n<div class=\"wpcf7 no-js\" id=\"wpcf7-f1163-o1\" lang=\"en-US\" dir=\"ltr\" data-wpcf7-id=\"1163\">\n<div class=\"screen-reader-response\"><p role=\"status\" aria-live=\"polite\" aria-atomic=\"true\"><\/p> <ul><\/ul><\/div>\n<form action=\"\/en\/wp-json\/wp\/v2\/pages\/1157#wpcf7-f1163-o1\" method=\"post\" class=\"wpcf7-form init\" aria-label=\"Contact form\" novalidate=\"novalidate\" data-status=\"init\">\n<div style=\"display: none;\">\n<input type=\"hidden\" name=\"_wpcf7\" value=\"1163\" \/>\n<input type=\"hidden\" name=\"_wpcf7_version\" value=\"6.0.1\" \/>\n<input type=\"hidden\" name=\"_wpcf7_locale\" value=\"en_US\" \/>\n<input type=\"hidden\" name=\"_wpcf7_unit_tag\" value=\"wpcf7-f1163-o1\" \/>\n<input type=\"hidden\" name=\"_wpcf7_container_post\" value=\"0\" \/>\n<input type=\"hidden\" name=\"_wpcf7_posted_data_hash\" value=\"\" \/>\n<input type=\"hidden\" name=\"lang\" value=\"en\" \/>\n<\/div>\n<div id=\"contact-form\" class=\"contact-box3 contact-form-box\">\n  <div class=\"row gutters-20\">\n    <div class=\"col-md-6 form-group\">\n        <span class=\"wpcf7-form-control-wrap\" data-name=\"f-name\"><input size=\"40\" maxlength=\"400\" class=\"wpcf7-form-control wpcf7-text wpcf7-validates-as-required form-control\" aria-required=\"true\" aria-invalid=\"false\" placeholder=\"Tu nombre\" value=\"\" type=\"text\" name=\"f-name\" \/><\/span>\n\t<div class=\"help-block with-errors\"><\/div>\n    <\/div>\n    <div class=\"col-md-6 form-group\">\n       <span class=\"wpcf7-form-control-wrap\" data-name=\"email\"><input size=\"40\" maxlength=\"400\" class=\"wpcf7-form-control wpcf7-email wpcf7-validates-as-required wpcf7-text wpcf7-validates-as-email form-control\" aria-required=\"true\" aria-invalid=\"false\" placeholder=\"Tu email\" value=\"\" type=\"email\" name=\"email\" \/><\/span>\n\t<div class=\"help-block with-errors\"><\/div>\n    <\/div>\n    <div class=\"col-12 form-group\">\n        <span class=\"wpcf7-form-control-wrap\" data-name=\"subject\"><input size=\"40\" maxlength=\"400\" class=\"wpcf7-form-control wpcf7-text wpcf7-validates-as-required form-control\" aria-required=\"true\" aria-invalid=\"false\" placeholder=\"Asunto\" value=\"\" type=\"text\" name=\"subject\" \/><\/span>\n\t<div class=\"help-block with-errors\"><\/div>\n    <\/div>\n    <div class=\"col-12 form-group\">\n        <span class=\"wpcf7-form-control-wrap\" data-name=\"message\"><textarea cols=\"20\" rows=\"5\" maxlength=\"2000\" class=\"wpcf7-form-control wpcf7-textarea wpcf7-validates-as-required textarea form-control\" aria-required=\"true\" aria-invalid=\"false\" placeholder=\"Mensaje\" name=\"message\"><\/textarea><\/span>\n        <div class=\"help-block with-errors\"><\/div>\n     <\/div>\n     <div class=\"col-12 form-group text-center\">\n\t<button type=\"submit\" class=\"btn-fill\">Enviar mensaje<\/button>\n       <\/div>\n      <div class=\"form-response\"><\/div>\n    <\/div>\n<\/div><div class=\"wpcf7-response-output\" aria-hidden=\"true\"><\/div>\n<\/form>\n<\/div>\n<\/div>\n\t\t\t\t<\/div>\n\t\t\t\t<\/div>\n\t\t\t\t\t<\/div>\n\t\t<\/div>\n\t\t\t\t\t<\/div>\n\t\t<\/section>\n\t\t\t\t\t<\/div>\n\t\t<\/div>\n\t\t\t\t\t<\/div>\n\t\t<\/section>\n\t\t\t\t<\/div>\n\t\t","protected":false},"excerpt":{"rendered":"<p>Contacta con nosotros. Para cualquier duda o consulta. Tel\u00e9fono 968 54 13 60 Correo info@bernabeabogados.com Direcci\u00f3n Plaza Joaqu\u00edn Costa,9,bajo. La Uni\u00f3n. Murcia. Enviar mensaje Env\u00edanos tu consulta y la atenderemos lo m\u00e1s pronto como sea posible.<\/p>\n","protected":false},"author":1,"featured_media":0,"parent":0,"menu_order":0,"comment_status":"closed","ping_status":"closed","template":"templates\/blank.php","meta":{"footnotes":""},"class_list":["post-1157","page","type-page","status-publish","hentry"],"yoast_head":"<!-- This site is optimized with the Yoast SEO plugin v23.9 - https:\/\/yoast.com\/wordpress\/plugins\/seo\/ -->\n<title>Contacto - Bernab&eacute; Abogados<\/title>\n<meta name=\"robots\" content=\"index, follow, max-snippet:-1, max-image-preview:large, max-video-preview:-1\" \/>\n<link rel=\"canonical\" href=\"https:\/\/www.bernabeabogados.com\/en\/contacto-bernabe\/\" \/>\n<meta property=\"og:locale\" content=\"en_US\" \/>\n<meta property=\"og:locale:alternate\" content=\"es_ES\" \/>\n<meta property=\"og:type\" content=\"article\" \/>\n<meta property=\"og:title\" content=\"Contacto - Bernab&eacute; Abogados\" \/>\n<meta property=\"og:description\" content=\"Contacta con nosotros. Para cualquier duda o consulta. Tel\u00e9fono 968 54 13 60 Correo info@bernabeabogados.com Direcci\u00f3n Plaza Joaqu\u00edn Costa,9,bajo. La Uni\u00f3n. Murcia. Enviar mensaje Env\u00edanos tu consulta y la atenderemos lo m\u00e1s pronto como sea posible.\" \/>\n<meta property=\"og:url\" content=\"https:\/\/www.bernabeabogados.com\/en\/contacto-bernabe\/\" \/>\n<meta property=\"og:site_name\" content=\"Bernab&eacute; Abogados\" \/>\n<meta property=\"article:modified_time\" content=\"2023-03-16T17:29:40+00:00\" \/>\n<meta name=\"twitter:card\" content=\"summary_large_image\" \/>\n<script type=\"application\/ld+json\" class=\"yoast-schema-graph\">{\"@context\":\"https:\/\/schema.org\",\"@graph\":[{\"@type\":\"WebPage\",\"@id\":\"https:\/\/www.bernabeabogados.com\/contacto-bernabe\/\",\"url\":\"https:\/\/www.bernabeabogados.com\/contacto-bernabe\/\",\"name\":\"Contacto - Bernab&eacute; Abogados\",\"isPartOf\":{\"@id\":\"http:\/\/www.bernabeabogados.com\/en\/#website\"},\"datePublished\":\"2020-12-08T07:12:44+00:00\",\"dateModified\":\"2023-03-16T17:29:40+00:00\",\"breadcrumb\":{\"@id\":\"https:\/\/www.bernabeabogados.com\/contacto-bernabe\/#breadcrumb\"},\"inLanguage\":\"en-US\",\"potentialAction\":[{\"@type\":\"ReadAction\",\"target\":[\"https:\/\/www.bernabeabogados.com\/contacto-bernabe\/\"]}]},{\"@type\":\"BreadcrumbList\",\"@id\":\"https:\/\/www.bernabeabogados.com\/contacto-bernabe\/#breadcrumb\",\"itemListElement\":[{\"@type\":\"ListItem\",\"position\":1,\"name\":\"Portada\",\"item\":\"http:\/\/www.bernabeabogados.com\/en\/\"},{\"@type\":\"ListItem\",\"position\":2,\"name\":\"Contacto\"}]},{\"@type\":\"WebSite\",\"@id\":\"http:\/\/www.bernabeabogados.com\/en\/#website\",\"url\":\"http:\/\/www.bernabeabogados.com\/en\/\",\"name\":\"Bernab\u00e9 Abogados\",\"description\":\"Abogados en La Uni&oacute;n, Murcia.\",\"publisher\":{\"@id\":\"http:\/\/www.bernabeabogados.com\/en\/#organization\"},\"potentialAction\":[{\"@type\":\"SearchAction\",\"target\":{\"@type\":\"EntryPoint\",\"urlTemplate\":\"http:\/\/www.bernabeabogados.com\/en\/?s={search_term_string}\"},\"query-input\":{\"@type\":\"PropertyValueSpecification\",\"valueRequired\":true,\"valueName\":\"search_term_string\"}}],\"inLanguage\":\"en-US\"},{\"@type\":\"Organization\",\"@id\":\"http:\/\/www.bernabeabogados.com\/en\/#organization\",\"name\":\"Bernab\u00e9 Abogados\",\"url\":\"http:\/\/www.bernabeabogados.com\/en\/\",\"logo\":{\"@type\":\"ImageObject\",\"inLanguage\":\"en-US\",\"@id\":\"http:\/\/www.bernabeabogados.com\/en\/#\/schema\/logo\/image\/\",\"url\":\"https:\/\/www.bernabeabogados.com\/wp-content\/uploads\/2023\/03\/cropped-logo.png\",\"contentUrl\":\"https:\/\/www.bernabeabogados.com\/wp-content\/uploads\/2023\/03\/cropped-logo.png\",\"width\":512,\"height\":512,\"caption\":\"Bernab\u00e9 Abogados\"},\"image\":{\"@id\":\"http:\/\/www.bernabeabogados.com\/en\/#\/schema\/logo\/image\/\"}}]}<\/script>\n<!-- \/ Yoast SEO plugin. -->","yoast_head_json":{"title":"Contacto - Bernab&eacute; Abogados","robots":{"index":"index","follow":"follow","max-snippet":"max-snippet:-1","max-image-preview":"max-image-preview:large","max-video-preview":"max-video-preview:-1"},"canonical":"https:\/\/www.bernabeabogados.com\/en\/contacto-bernabe\/","og_locale":"en_US","og_type":"article","og_title":"Contacto - Bernab&eacute; Abogados","og_description":"Contacta con nosotros. Para cualquier duda o consulta. Tel\u00e9fono 968 54 13 60 Correo info@bernabeabogados.com Direcci\u00f3n Plaza Joaqu\u00edn Costa,9,bajo. La Uni\u00f3n. Murcia. Enviar mensaje Env\u00edanos tu consulta y la atenderemos lo m\u00e1s pronto como sea posible.","og_url":"https:\/\/www.bernabeabogados.com\/en\/contacto-bernabe\/","og_site_name":"Bernab&eacute; Abogados","article_modified_time":"2023-03-16T17:29:40+00:00","twitter_card":"summary_large_image","schema":{"@context":"https:\/\/schema.org","@graph":[{"@type":"WebPage","@id":"https:\/\/www.bernabeabogados.com\/contacto-bernabe\/","url":"https:\/\/www.bernabeabogados.com\/contacto-bernabe\/","name":"Contacto - Bernab&eacute; Abogados","isPartOf":{"@id":"http:\/\/www.bernabeabogados.com\/en\/#website"},"datePublished":"2020-12-08T07:12:44+00:00","dateModified":"2023-03-16T17:29:40+00:00","breadcrumb":{"@id":"https:\/\/www.bernabeabogados.com\/contacto-bernabe\/#breadcrumb"},"inLanguage":"en-US","potentialAction":[{"@type":"ReadAction","target":["https:\/\/www.bernabeabogados.com\/contacto-bernabe\/"]}]},{"@type":"BreadcrumbList","@id":"https:\/\/www.bernabeabogados.com\/contacto-bernabe\/#breadcrumb","itemListElement":[{"@type":"ListItem","position":1,"name":"Portada","item":"http:\/\/www.bernabeabogados.com\/en\/"},{"@type":"ListItem","position":2,"name":"Contacto"}]},{"@type":"WebSite","@id":"http:\/\/www.bernabeabogados.com\/en\/#website","url":"http:\/\/www.bernabeabogados.com\/en\/","name":"Bernab\u00e9 Abogados","description":"Abogados en La Uni&oacute;n, Murcia.","publisher":{"@id":"http:\/\/www.bernabeabogados.com\/en\/#organization"},"potentialAction":[{"@type":"SearchAction","target":{"@type":"EntryPoint","urlTemplate":"http:\/\/www.bernabeabogados.com\/en\/?s={search_term_string}"},"query-input":{"@type":"PropertyValueSpecification","valueRequired":true,"valueName":"search_term_string"}}],"inLanguage":"en-US"},{"@type":"Organization","@id":"http:\/\/www.bernabeabogados.com\/en\/#organization","name":"Bernab\u00e9 Abogados","url":"http:\/\/www.bernabeabogados.com\/en\/","logo":{"@type":"ImageObject","inLanguage":"en-US","@id":"http:\/\/www.bernabeabogados.com\/en\/#\/schema\/logo\/image\/","url":"https:\/\/www.bernabeabogados.com\/wp-content\/uploads\/2023\/03\/cropped-logo.png","contentUrl":"https:\/\/www.bernabeabogados.com\/wp-content\/uploads\/2023\/03\/cropped-logo.png","width":512,"height":512,"caption":"Bernab\u00e9 Abogados"},"image":{"@id":"http:\/\/www.bernabeabogados.com\/en\/#\/schema\/logo\/image\/"}}]}},"_links":{"self":[{"href":"https:\/\/www.bernabeabogados.com\/en\/wp-json\/wp\/v2\/pages\/1157","targetHints":{"allow":["GET"]}}],"collection":[{"href":"https:\/\/www.bernabeabogados.com\/en\/wp-json\/wp\/v2\/pages"}],"about":[{"href":"https:\/\/www.bernabeabogados.com\/en\/wp-json\/wp\/v2\/types\/page"}],"author":[{"embeddable":true,"href":"https:\/\/www.bernabeabogados.com\/en\/wp-json\/wp\/v2\/users\/1"}],"replies":[{"embeddable":true,"href":"https:\/\/www.bernabeabogados.com\/en\/wp-json\/wp\/v2\/comments?post=1157"}],"version-history":[{"count":8,"href":"https:\/\/www.bernabeabogados.com\/en\/wp-json\/wp\/v2\/pages\/1157\/revisions"}],"predecessor-version":[{"id":9195,"href":"https:\/\/www.bernabeabogados.com\/en\/wp-json\/wp\/v2\/pages\/1157\/revisions\/9195"}],"wp:attachment":[{"href":"https:\/\/www.bernabeabogados.com\/en\/wp-json\/wp\/v2\/media?parent=1157"}],"curies":[{"name":"wp","href":"https:\/\/api.w.org\/{rel}","templated":true}]}}