{"id":3808,"date":"2021-01-04T05:55:06","date_gmt":"2021-01-04T05:55:06","guid":{"rendered":"http:\/\/www.bernabeabogados.com\/?page_id=3808"},"modified":"2023-07-14T17:09:42","modified_gmt":"2023-07-14T17:09:42","slug":"areas-y-servicios","status":"publish","type":"page","link":"http:\/\/www.bernabeabogados.com\/en\/areas-y-servicios\/","title":{"rendered":"\u00c1reas y servicios"},"content":{"rendered":"\t\t<div data-elementor-type=\"wp-page\" data-elementor-id=\"3808\" class=\"elementor elementor-3808\">\n\t\t\t\t\t\t<section class=\"elementor-section elementor-top-section elementor-element elementor-element-734d0bc elementor-section-boxed elementor-section-height-default elementor-section-height-default\" data-id=\"734d0bc\" data-element_type=\"section\" data-settings=\"{&quot;background_background&quot;:&quot;classic&quot;}\">\n\t\t\t\t\t\t<div class=\"elementor-container elementor-column-gap-default\">\n\t\t\t\t\t<div class=\"elementor-column elementor-col-100 elementor-top-column elementor-element elementor-element-edcd5d2\" data-id=\"edcd5d2\" data-element_type=\"column\">\n\t\t\t<div class=\"elementor-widget-wrap elementor-element-populated\">\n\t\t\t\t\t\t<div class=\"elementor-element elementor-element-e73b5bc elementor-widget elementor-widget-rt-section-heading\" data-id=\"e73b5bc\" data-element_type=\"widget\" data-widget_type=\"rt-section-heading.default\">\n\t\t\t\t<div class=\"elementor-widget-container\">\n\t\t\t\n<div class=\"section-heading2\">\n\t\t<h2 class=\"heading-main-title\">Areas y servicios<\/h2>\n\t<\/div>\t\t<\/div>\n\t\t\t\t<\/div>\n\t\t\t\t<section class=\"elementor-section elementor-inner-section elementor-element elementor-element-3f103a9 elementor-section-full_width elementor-section-height-default elementor-section-height-default\" data-id=\"3f103a9\" data-element_type=\"section\">\n\t\t\t\t\t\t<div class=\"elementor-container elementor-column-gap-default\">\n\t\t\t\t\t<div class=\"elementor-column elementor-col-100 elementor-inner-column elementor-element elementor-element-2ee28c3\" data-id=\"2ee28c3\" data-element_type=\"column\">\n\t\t\t<div class=\"elementor-widget-wrap elementor-element-populated\">\n\t\t\t\t\t\t<div class=\"elementor-element elementor-element-c1e581c elementor-widget elementor-widget-rt-practice\" data-id=\"c1e581c\" data-element_type=\"widget\" data-widget_type=\"rt-practice.default\">\n\t\t\t\t<div class=\"elementor-widget-container\">\n\t\t\t\n\n<div class=\"row\">\n        <div class=\"col-xl-4 col-md-6 col-12 wow animated fadeInUp\" data-wow-delay=\"0.4s\">\n        <div class=\"practice-box-layout1\">\n            <div class=\"item-icon\">\n                <i class=\"flaticon-search\"><\/i>\n            <\/div>\n            <h3 class=\"item-title\"><a href=\"http:\/\/www.bernabeabogados.com\/en\/practice\/propuedad-industrial-e-intelectual\/\">Propiedad industrial e intelectual<\/a><\/h3>\n                            <p>Experiencia en propiedad industrial e intelectual La singularidad de nuestro departamento de Propiedad Industrial e Intelectual est\u00e1 en los profesionales.<\/p>                    <\/div>\n    <\/div>\n        <div class=\"col-xl-4 col-md-6 col-12 wow animated fadeInUp\" data-wow-delay=\"0.5s\">\n        <div class=\"practice-box-layout1\">\n            <div class=\"item-icon\">\n                <i class=\"flaticon-law-2\"><\/i>\n            <\/div>\n            <h3 class=\"item-title\"><a href=\"http:\/\/www.bernabeabogados.com\/en\/practice\/derecho-contable\/\">Derecho contable<\/a><\/h3>\n                            <p>Especializados en derecho contable. El departamento de Derecho Contable est\u00e1 vinculado al \u00e1rea Tributaria de Bernab\u00e9, aunque su \u00e1mbito de.<\/p>                    <\/div>\n    <\/div>\n        <div class=\"col-xl-4 col-md-6 col-12 wow animated fadeInUp\" data-wow-delay=\"0.6s\">\n        <div class=\"practice-box-layout1\">\n            <div class=\"item-icon\">\n                <i class=\"flaticon-law-1\"><\/i>\n            <\/div>\n            <h3 class=\"item-title\"><a href=\"http:\/\/www.bernabeabogados.com\/en\/practice\/derecho-administrativo\/\">Derecho administrativo<\/a><\/h3>\n                            <p>Derecho administrativo Desde el departamento de Derecho Administrativo prestamos asesoramiento jur\u00eddico especializado a entidades del sector p\u00fablico, empresas privadas y.<\/p>                    <\/div>\n    <\/div>\n        <div class=\"col-xl-4 col-md-6 col-12 wow animated fadeInUp\" data-wow-delay=\"0.4s\">\n        <div class=\"practice-box-layout1\">\n            <div class=\"item-icon\">\n                <i class=\"flaticon-law-1\"><\/i>\n            <\/div>\n            <h3 class=\"item-title\"><a href=\"http:\/\/www.bernabeabogados.com\/en\/practice\/derecho-inmobiliario\/\">Derecho inmobiliario<\/a><\/h3>\n                            <p>En materia de Derecho Inmobiliario, asesoramos y representamos los intereses de todos los agentes que desarrollan su actividad en el.<\/p>                    <\/div>\n    <\/div>\n        <div class=\"col-xl-4 col-md-6 col-12 wow animated fadeInUp\" data-wow-delay=\"0.5s\">\n        <div class=\"practice-box-layout1\">\n            <div class=\"item-icon\">\n                <i class=\"flaticon-law-2\"><\/i>\n            <\/div>\n            <h3 class=\"item-title\"><a href=\"http:\/\/www.bernabeabogados.com\/en\/practice\/derecho-urbanistico\/\">Derecho urban\u00edstico<\/a><\/h3>\n                            <p>Especializados en derecho urban\u00edstico. En Berbabe Abogados contamos con una alta experiencia en el \u00e1mbito del Derecho Urban\u00edstico en todas.<\/p>                    <\/div>\n    <\/div>\n        <div class=\"col-xl-4 col-md-6 col-12 wow animated fadeInUp\" data-wow-delay=\"0.6s\">\n        <div class=\"practice-box-layout1\">\n            <div class=\"item-icon\">\n                <i class=\"flaticon-arrest\"><\/i>\n            <\/div>\n            <h3 class=\"item-title\"><a href=\"http:\/\/www.bernabeabogados.com\/en\/practice\/derecho-penal\/\">Derecho penal<\/a><\/h3>\n                            <p>Los especialistas en Derecho Penal de Bernabe Abogados con un alto grado de especializaci\u00f3n y una dilatada experiencia profesional en.<\/p>                    <\/div>\n    <\/div>\n        <div class=\"col-xl-4 col-md-6 col-12 wow animated fadeInUp\" data-wow-delay=\"0.7s\">\n        <div class=\"practice-box-layout1\">\n            <div class=\"item-icon\">\n                <i class=\"flaticon-career\"><\/i>\n            <\/div>\n            <h3 class=\"item-title\"><a href=\"http:\/\/www.bernabeabogados.com\/en\/practice\/derecho-tributario\/\">Derecho tributario<\/a><\/h3>\n                            <p>El departamento Tributario de Bernab\u00e9 ofrece servicios de asesoramiento permanente o espec\u00edfico en materia tributaria nacional e internacional a empresas.<\/p>                    <\/div>\n    <\/div>\n        <div class=\"col-xl-4 col-md-6 col-12 wow animated fadeInUp\" data-wow-delay=\"0.8s\">\n        <div class=\"practice-box-layout1\">\n            <div class=\"item-icon\">\n                <i class=\"flaticon-book-1\"><\/i>\n            <\/div>\n            <h3 class=\"item-title\"><a href=\"http:\/\/www.bernabeabogados.com\/en\/practice\/derecho-laboral\/\">Derecho laboral<\/a><\/h3>\n                            <p>El \u00e1rea de derecho laboral se ha convertido en una pieza clave en la gesti\u00f3n y direcci\u00f3n empresarial en el.<\/p>                    <\/div>\n    <\/div>\n        <div class=\"col-xl-4 col-md-6 col-12 wow animated fadeInUp\" data-wow-delay=\"0.9s\">\n        <div class=\"practice-box-layout1\">\n            <div class=\"item-icon\">\n                <i class=\"flaticon-power\"><\/i>\n            <\/div>\n            <h3 class=\"item-title\"><a href=\"http:\/\/www.bernabeabogados.com\/en\/practice\/derecho-financiero\/\">Derecho financiero<\/a><\/h3>\n                            <p>Ofrecemos a nuestros clientes cobertura en todos los aspectos legales y regulatorios del sector, inmerso actualmente en una profunda reestructuraci\u00f3n..<\/p>                    <\/div>\n    <\/div>\n        <\/div>\n\n\n\t\t<\/div>\n\t\t\t\t<\/div>\n\t\t\t\t\t<\/div>\n\t\t<\/div>\n\t\t\t\t\t<\/div>\n\t\t<\/section>\n\t\t\t\t\t<\/div>\n\t\t<\/div>\n\t\t\t\t\t<\/div>\n\t\t<\/section>\n\t\t\t\t<section class=\"elementor-section elementor-top-section elementor-element elementor-element-25d852e elementor-section-full_width elementor-section-height-default elementor-section-height-default\" data-id=\"25d852e\" data-element_type=\"section\" data-settings=\"{&quot;background_background&quot;:&quot;classic&quot;}\">\n\t\t\t\t\t\t<div class=\"elementor-container elementor-column-gap-no\">\n\t\t\t\t\t<div class=\"elementor-column elementor-col-100 elementor-top-column elementor-element elementor-element-26e16f9\" data-id=\"26e16f9\" data-element_type=\"column\">\n\t\t\t<div class=\"elementor-widget-wrap elementor-element-populated\">\n\t\t\t\t\t\t<div class=\"elementor-element elementor-element-c3200d2 elementor-widget elementor-widget-rt-cta\" data-id=\"c3200d2\" data-element_type=\"widget\" data-widget_type=\"rt-cta.default\">\n\t\t\t\t<div class=\"elementor-widget-container\">\n\t\t\t\n<section class=\"call-to-action-wrap-layout3 parallaxie\">\n    <div class=\"call-to-action-box-layout3\">\n                <h2 class=\"item-title\"><span>Consulta con nosotros<\/span><\/h2>\n                <ul class=\"list-info\">\n            <li>info@bernabeabogados.com<\/li>\n            <li> 968 54 13 60<\/li>\n        <\/ul>\n            <\/div>\n<\/section>\t\t<\/div>\n\t\t\t\t<\/div>\n\t\t\t\t\t<\/div>\n\t\t<\/div>\n\t\t\t\t\t<\/div>\n\t\t<\/section>\n\t\t\t\t<\/div>\n\t\t","protected":false},"excerpt":{"rendered":"<p>Areas y servicios Propiedad industrial e intelectual Experiencia en propiedad industrial e intelectual La singularidad de nuestro departamento de Propiedad Industrial e Intelectual est\u00e1 en los profesionales. Derecho contable Especializados en derecho contable. El departamento de Derecho Contable est\u00e1 vinculado al \u00e1rea Tributaria de Bernab\u00e9, aunque su \u00e1mbito de. Derecho administrativo Derecho administrativo Desde el&#8230;<\/p>\n","protected":false},"author":1,"featured_media":0,"parent":0,"menu_order":0,"comment_status":"closed","ping_status":"closed","template":"templates\/blank.php","meta":{"footnotes":""},"class_list":["post-3808","page","type-page","status-publish","hentry","aeen-post-thumb"],"yoast_head":"<!-- This site is optimized with the Yoast SEO plugin v23.9 - https:\/\/yoast.com\/wordpress\/plugins\/seo\/ -->\n<title>\u00c1reas y servicios - Bernab&eacute; Abogados<\/title>\n<meta name=\"description\" content=\"Ofrecemos a nuestros clientes cobertura en todos los aspectos de derecho financiero y regulatorios del sector\" \/>\n<meta name=\"robots\" content=\"index, follow, max-snippet:-1, max-image-preview:large, max-video-preview:-1\" \/>\n<link rel=\"canonical\" href=\"http:\/\/www.bernabeabogados.com\/en\/areas-y-servicios\/\" \/>\n<meta property=\"og:locale\" content=\"en_US\" \/>\n<meta property=\"og:locale:alternate\" content=\"es_ES\" \/>\n<meta property=\"og:type\" content=\"article\" \/>\n<meta property=\"og:title\" content=\"\u00c1reas y servicios - Bernab&eacute; Abogados\" \/>\n<meta property=\"og:description\" content=\"Bufete de abogados Bernab\u00e9 Abogados con servicios jur\u00eddicos en La Uni\u00f3n y la comarca de Cartagena y el Mar Menor.\" \/>\n<meta property=\"og:url\" content=\"http:\/\/www.bernabeabogados.com\/en\/practice\/derecho-financiero\/\" \/>\n<meta property=\"og:site_name\" content=\"Bernab&eacute; Abogados\" \/>\n<meta property=\"article:modified_time\" content=\"2023-07-14T17:09:42+00:00\" \/>\n<meta name=\"twitter:card\" content=\"summary_large_image\" \/>\n<meta name=\"twitter:label1\" content=\"Est. reading time\" \/>\n\t<meta name=\"twitter:data1\" content=\"1 minute\" \/>\n<script type=\"application\/ld+json\" class=\"yoast-schema-graph\">{\"@context\":\"https:\/\/schema.org\",\"@graph\":[{\"@type\":\"WebPage\",\"@id\":\"http:\/\/www.bernabeabogados.com\/areas-y-servicios\/\",\"url\":\"http:\/\/www.bernabeabogados.com\/areas-y-servicios\/\",\"name\":\"\u00c1reas y servicios - Bernab&eacute; Abogados\",\"isPartOf\":{\"@id\":\"http:\/\/www.bernabeabogados.com\/#website\"},\"datePublished\":\"2021-01-04T05:55:06+00:00\",\"dateModified\":\"2023-07-14T17:09:42+00:00\",\"description\":\"Bufete de abogados Bernab\u00e9 Abogados con servicios jur\u00eddicos en La Uni\u00f3n y la comarca de Cartagena y el Mar Menor.\",\"breadcrumb\":{\"@id\":\"http:\/\/www.bernabeabogados.com\/areas-y-servicios\/#breadcrumb\"},\"inLanguage\":\"en-US\",\"potentialAction\":[{\"@type\":\"ReadAction\",\"target\":[\"http:\/\/www.bernabeabogados.com\/areas-y-servicios\/\"]}]},{\"@type\":\"BreadcrumbList\",\"@id\":\"http:\/\/www.bernabeabogados.com\/areas-y-servicios\/#breadcrumb\",\"itemListElement\":[{\"@type\":\"ListItem\",\"position\":1,\"name\":\"Portada\",\"item\":\"http:\/\/www.bernabeabogados.com\/\"},{\"@type\":\"ListItem\",\"position\":2,\"name\":\"\u00c1reas y servicios\"}]},{\"@type\":\"WebSite\",\"@id\":\"http:\/\/www.bernabeabogados.com\/#website\",\"url\":\"http:\/\/www.bernabeabogados.com\/\",\"name\":\"Bernab\u00e9 Abogados\",\"description\":\"Abogados en La Uni&oacute;n, Murcia.\",\"publisher\":{\"@id\":\"http:\/\/www.bernabeabogados.com\/#organization\"},\"potentialAction\":[{\"@type\":\"SearchAction\",\"target\":{\"@type\":\"EntryPoint\",\"urlTemplate\":\"http:\/\/www.bernabeabogados.com\/?s={search_term_string}\"},\"query-input\":{\"@type\":\"PropertyValueSpecification\",\"valueRequired\":true,\"valueName\":\"search_term_string\"}}],\"inLanguage\":\"en-US\"},{\"@type\":\"Organization\",\"@id\":\"http:\/\/www.bernabeabogados.com\/#organization\",\"name\":\"Bernab\u00e9 Abogados\",\"url\":\"http:\/\/www.bernabeabogados.com\/\",\"logo\":{\"@type\":\"ImageObject\",\"inLanguage\":\"en-US\",\"@id\":\"http:\/\/www.bernabeabogados.com\/#\/schema\/logo\/image\/\",\"url\":\"https:\/\/www.bernabeabogados.com\/wp-content\/uploads\/2023\/03\/cropped-logo.png\",\"contentUrl\":\"https:\/\/www.bernabeabogados.com\/wp-content\/uploads\/2023\/03\/cropped-logo.png\",\"width\":512,\"height\":512,\"caption\":\"Bernab\u00e9 Abogados\"},\"image\":{\"@id\":\"http:\/\/www.bernabeabogados.com\/#\/schema\/logo\/image\/\"}}]}<\/script>\n<!-- \/ Yoast SEO plugin. -->","yoast_head_json":{"title":"\u00c1reas y servicios - Bernab&eacute; Abogados","description":"Ofrecemos a nuestros clientes cobertura en todos los aspectos de derecho financiero y regulatorios del sector","robots":{"index":"index","follow":"follow","max-snippet":"max-snippet:-1","max-image-preview":"max-image-preview:large","max-video-preview":"max-video-preview:-1"},"canonical":"http:\/\/www.bernabeabogados.com\/en\/areas-y-servicios\/","og_locale":"en_US","og_type":"article","og_title":"\u00c1reas y servicios - Bernab&eacute; Abogados","og_description":"Bufete de abogados Bernab\u00e9 Abogados con servicios jur\u00eddicos en La Uni\u00f3n y la comarca de Cartagena y el Mar Menor.","og_url":"http:\/\/www.bernabeabogados.com\/en\/practice\/derecho-financiero\/","og_site_name":"Bernab&eacute; Abogados","article_modified_time":"2023-07-14T17:09:42+00:00","twitter_card":"summary_large_image","twitter_misc":{"Est. reading time":"1 minute"},"schema":{"@context":"https:\/\/schema.org","@graph":[{"@type":"WebPage","@id":"http:\/\/www.bernabeabogados.com\/areas-y-servicios\/","url":"http:\/\/www.bernabeabogados.com\/areas-y-servicios\/","name":"\u00c1reas y servicios - Bernab&eacute; Abogados","isPartOf":{"@id":"http:\/\/www.bernabeabogados.com\/#website"},"datePublished":"2021-01-04T05:55:06+00:00","dateModified":"2023-07-14T17:09:42+00:00","description":"Bufete de abogados Bernab\u00e9 Abogados con servicios jur\u00eddicos en La Uni\u00f3n y la comarca de Cartagena y el Mar Menor.","breadcrumb":{"@id":"http:\/\/www.bernabeabogados.com\/areas-y-servicios\/#breadcrumb"},"inLanguage":"en-US","potentialAction":[{"@type":"ReadAction","target":["http:\/\/www.bernabeabogados.com\/areas-y-servicios\/"]}]},{"@type":"BreadcrumbList","@id":"http:\/\/www.bernabeabogados.com\/areas-y-servicios\/#breadcrumb","itemListElement":[{"@type":"ListItem","position":1,"name":"Portada","item":"http:\/\/www.bernabeabogados.com\/"},{"@type":"ListItem","position":2,"name":"\u00c1reas y servicios"}]},{"@type":"WebSite","@id":"http:\/\/www.bernabeabogados.com\/#website","url":"http:\/\/www.bernabeabogados.com\/","name":"Bernab\u00e9 Abogados","description":"Abogados en La Uni&oacute;n, Murcia.","publisher":{"@id":"http:\/\/www.bernabeabogados.com\/#organization"},"potentialAction":[{"@type":"SearchAction","target":{"@type":"EntryPoint","urlTemplate":"http:\/\/www.bernabeabogados.com\/?s={search_term_string}"},"query-input":{"@type":"PropertyValueSpecification","valueRequired":true,"valueName":"search_term_string"}}],"inLanguage":"en-US"},{"@type":"Organization","@id":"http:\/\/www.bernabeabogados.com\/#organization","name":"Bernab\u00e9 Abogados","url":"http:\/\/www.bernabeabogados.com\/","logo":{"@type":"ImageObject","inLanguage":"en-US","@id":"http:\/\/www.bernabeabogados.com\/#\/schema\/logo\/image\/","url":"https:\/\/www.bernabeabogados.com\/wp-content\/uploads\/2023\/03\/cropped-logo.png","contentUrl":"https:\/\/www.bernabeabogados.com\/wp-content\/uploads\/2023\/03\/cropped-logo.png","width":512,"height":512,"caption":"Bernab\u00e9 Abogados"},"image":{"@id":"http:\/\/www.bernabeabogados.com\/#\/schema\/logo\/image\/"}}]}},"_links":{"self":[{"href":"http:\/\/www.bernabeabogados.com\/en\/wp-json\/wp\/v2\/pages\/3808","targetHints":{"allow":["GET"]}}],"collection":[{"href":"http:\/\/www.bernabeabogados.com\/en\/wp-json\/wp\/v2\/pages"}],"about":[{"href":"http:\/\/www.bernabeabogados.com\/en\/wp-json\/wp\/v2\/types\/page"}],"author":[{"embeddable":true,"href":"http:\/\/www.bernabeabogados.com\/en\/wp-json\/wp\/v2\/users\/1"}],"replies":[{"embeddable":true,"href":"http:\/\/www.bernabeabogados.com\/en\/wp-json\/wp\/v2\/comments?post=3808"}],"version-history":[{"count":16,"href":"http:\/\/www.bernabeabogados.com\/en\/wp-json\/wp\/v2\/pages\/3808\/revisions"}],"predecessor-version":[{"id":9204,"href":"http:\/\/www.bernabeabogados.com\/en\/wp-json\/wp\/v2\/pages\/3808\/revisions\/9204"}],"wp:attachment":[{"href":"http:\/\/www.bernabeabogados.com\/en\/wp-json\/wp\/v2\/media?parent=3808"}],"curies":[{"name":"wp","href":"https:\/\/api.w.org\/{rel}","templated":true}]}}